{"id":13222,"date":"2022-07-22T17:09:50","date_gmt":"2022-07-22T15:09:50","guid":{"rendered":"https:\/\/distillerie-bleu-provence.com\/?page_id=13222"},"modified":"2024-07-22T18:17:31","modified_gmt":"2024-07-22T16:17:31","slug":"professionnal-acces","status":"publish","type":"page","link":"https:\/\/distillerie-bleu-provence.com\/en\/professionnal-acces\/","title":{"rendered":"Professionnal acces"},"content":{"rendered":"<p><div class=\"fusion-fullwidth fullwidth-box fusion-builder-row-1 fusion-flex-container fusion-parallax-none hundred-percent-fullwidth hundred-percent-height hundred-percent-height-center-content non-hundred-percent-height-scrolling\" style=\"--awb-border-radius-top-left:0px;--awb-border-radius-top-right:0px;--awb-border-radius-bottom-right:0px;--awb-border-radius-bottom-left:0px;--awb-padding-top:0px;--awb-padding-right:0px;--awb-padding-bottom:150px;--awb-padding-left:0px;--awb-margin-top:0px;--awb-margin-bottom:0px;--awb-background-image:url(&quot;https:\/\/distillerie-bleu-provence.com\/wp-content\/uploads\/2022\/07\/3A54BD67-B7FB-4A13-94A8-8875CC3D49F4.jpg&quot;);--awb-background-size:cover;--awb-flex-wrap:wrap;\" ><div class=\"fusion-builder-row fusion-row fusion-flex-align-items-center fusion-flex-align-content-center fusion-flex-justify-content-center fusion-flex-content-wrap\" style=\"width:104% !important;max-width:104% !important;margin-left: calc(-4% \/ 2 );margin-right: calc(-4% \/ 2 );\"><div class=\"fusion-layout-column fusion_builder_column fusion-builder-column-0 fusion_builder_column_1_2 1_2 fusion-flex-column\" style=\"--awb-bg-color:rgba(68,50,138,0.8);--awb-bg-color-hover:rgba(68,50,138,0.8);--awb-bg-size:cover;--awb-width-large:50%;--awb-margin-top-large:0px;--awb-spacing-right-large:3.84%;--awb-margin-bottom-large:20px;--awb-spacing-left-large:3.84%;--awb-width-medium:50%;--awb-order-medium:0;--awb-spacing-right-medium:3.84%;--awb-spacing-left-medium:3.84%;--awb-width-small:100%;--awb-order-small:0;--awb-spacing-right-small:1.92%;--awb-spacing-left-small:1.92%;\"><div class=\"fusion-column-wrapper fusion-column-has-shadow fusion-flex-justify-content-flex-start fusion-content-layout-column\"><div class=\"fusion-title title fusion-title-1 fusion-sep-none fusion-title-center fusion-title-text fusion-title-size-one\" style=\"--awb-text-color:var(--awb-color1);--awb-margin-top-small:10px;--awb-margin-right-small:0px;--awb-margin-bottom-small:10px;--awb-margin-left-small:0px;\"><h1 class=\"fusion-title-heading title-heading-center\" style=\"margin:0;\">Space for Professionnals\u00a0<\/h1><\/div><\/div><\/div><div class=\"fusion-layout-column fusion_builder_column fusion-builder-column-1 fusion_builder_column_1_1 1_1 fusion-flex-column\" style=\"--awb-bg-size:cover;--awb-width-large:100%;--awb-margin-top-large:40px;--awb-spacing-right-large:1.92%;--awb-margin-bottom-large:0px;--awb-spacing-left-large:1.92%;--awb-width-medium:100%;--awb-order-medium:0;--awb-spacing-right-medium:1.92%;--awb-spacing-left-medium:1.92%;--awb-width-small:100%;--awb-order-small:0;--awb-spacing-right-small:1.92%;--awb-spacing-left-small:1.92%;\"><div class=\"fusion-column-wrapper fusion-column-has-shadow fusion-flex-justify-content-flex-start fusion-content-layout-column\"><a class=\"fb-icon-element-1 fb-icon-element fontawesome-icon fa-angle-down fas circle-yes fusion-link\" style=\"--awb-circlecolor:var(--awb-color7);--awb-circlecolor-hover:var(--awb-color5);--awb-circlebordercolor-hover:rgba(101,188,123,0);--awb-circlebordersize:1px;--awb-font-size:28.16px;--awb-width:56.32px;--awb-height:56.32px;--awb-line-height:54.32px;--awb-margin-top:0;--awb-margin-right:0;--awb-margin-bottom:0;--awb-margin-left:0;--awb-align-self:center;\" href=\"#debut\" target=\"_self\" aria-label=\"Link to #debut\"><\/a>\n<\/div><\/div><\/div><\/div><div class=\"fusion-fullwidth fullwidth-box fusion-builder-row-2 fusion-flex-container nonhundred-percent-fullwidth non-hundred-percent-height-scrolling\" style=\"--awb-border-radius-top-left:0px;--awb-border-radius-top-right:0px;--awb-border-radius-bottom-right:0px;--awb-border-radius-bottom-left:0px;--awb-padding-top:40px;--awb-flex-wrap:wrap;\" id=\"debut\" ><div class=\"fusion-builder-row fusion-row fusion-flex-align-items-flex-start fusion-flex-content-wrap\" style=\"max-width:1248px;margin-left: calc(-4% \/ 2 );margin-right: calc(-4% \/ 2 );\"><div class=\"fusion-layout-column fusion_builder_column fusion-builder-column-2 fusion_builder_column_1_1 1_1 fusion-flex-column\" style=\"--awb-bg-size:cover;--awb-width-large:100%;--awb-margin-top-large:0px;--awb-spacing-right-large:1.92%;--awb-margin-bottom-large:20px;--awb-spacing-left-large:1.92%;--awb-width-medium:100%;--awb-order-medium:0;--awb-spacing-right-medium:1.92%;--awb-spacing-left-medium:1.92%;--awb-width-small:100%;--awb-order-small:0;--awb-spacing-right-small:1.92%;--awb-spacing-left-small:1.92%;\"><div class=\"fusion-column-wrapper fusion-column-has-shadow fusion-flex-justify-content-flex-start fusion-content-layout-column\"><div class=\"fusion-title title fusion-title-2 fusion-sep-none fusion-title-text fusion-title-size-one\" style=\"--awb-margin-top-small:10px;--awb-margin-right-small:0px;--awb-margin-bottom-small:10px;--awb-margin-left-small:0px;\"><h1 class=\"fusion-title-heading title-heading-left\" style=\"margin:0;\"><h3><strong>Distillerie Bleu Provence in Nyons offers a wide range of organic extracts, produced in Provence, or sourced from certified suppliers.<\/strong><\/h3><\/h1><\/div><div class=\"fusion-text fusion-text-1\" style=\"--awb-text-transform:none;\"><p id=\"block-f0dab89d-9b1b-4321-87a8-f670e9789399\">We work in close collaboration with farmers in order to secure their activity, protect the environment and offer the best quality of Proven\u00e7al aromas.<\/p>\n<p><!-- \/wp:post-content --><\/p>\n<p><!-- wp:paragraph --><\/p>\n<p id=\"block-bf5484d0-60e7-4043-8a74-a67a99f9178f\">For more than 20 years, we have been constantly pushing innovation to improve the quality of our products. We are pioneers in using \u201cespieur\u201d harvesting method. We also propose CO2 extracts of Proven\u00e7al plants.<\/p>\n<p><!-- \/wp:paragraph --><\/p>\n<p><!-- wp:paragraph --><\/p>\n<p id=\"block-c0e7c4e2-e2ee-419e-bf2f-2f8d9cb665fc\">Committed to the industry, Distillerie Bleu Provence is also proud to be involved in future projects in agroecology production and to develop fair trade relations.<\/p>\n<\/div><div class=\"fusion-video fusion-youtube\" style=\"--awb-max-width:800px;--awb-max-height:480px;--awb-align-self:center;--awb-width:100%;\"><div class=\"video-shortcode\"><div class=\"fluid-width-video-wrapper\" style=\"padding-top:60%;\" ><iframe title=\"YouTube video player 1\" src=\"https:\/\/www.youtube.com\/embed\/Hdgprn-qSgw?wmode=transparent&autoplay=0\" width=\"800\" height=\"480\" allowfullscreen allow=\"autoplay; clipboard-write; encrypted-media; gyroscope; picture-in-picture;\"><\/iframe><\/div><\/div><\/div><\/div><\/div><div class=\"fusion-layout-column fusion_builder_column fusion-builder-column-3 fusion_builder_column_1_1 1_1 fusion-flex-column\" style=\"--awb-bg-size:cover;--awb-width-large:100%;--awb-margin-top-large:0px;--awb-spacing-right-large:1.92%;--awb-margin-bottom-large:20px;--awb-spacing-left-large:1.92%;--awb-width-medium:100%;--awb-order-medium:0;--awb-spacing-right-medium:1.92%;--awb-spacing-left-medium:1.92%;--awb-width-small:100%;--awb-order-small:0;--awb-spacing-right-small:1.92%;--awb-spacing-left-small:1.92%;\"><div class=\"fusion-column-wrapper fusion-column-has-shadow fusion-flex-justify-content-flex-start fusion-content-layout-column\"><div class=\"fusion-title title fusion-title-3 fusion-sep-none fusion-title-text fusion-title-size-one\" style=\"--awb-margin-top-small:10px;--awb-margin-right-small:0px;--awb-margin-bottom-small:10px;--awb-margin-left-small:0px;\"><h1 class=\"fusion-title-heading title-heading-left\" style=\"margin:0;\"><h3><strong>Our products<\/strong><\/h3><\/h1><\/div><div class=\"fusion-text fusion-text-2\" style=\"--awb-content-alignment:center;--awb-text-transform:none;\"><p class=\"has-text-align-center has-medium-font-size\">ESSENTIAL OILS<\/p>\n<p><!-- \/wp:paragraph --><\/p>\n<p><!-- wp:paragraph --><\/p>\n<p>\u25cf <strong>Lavender<\/strong> : Maillette, Matherone, Diva (<em>Lavandula angustifolia<\/em>)<\/p>\n<p><!-- \/wp:paragraph --><\/p>\n<p><!-- wp:paragraph --><\/p>\n<p>\u25cf <strong>Fine Lavender<\/strong> (<em>Lavandula angustifolia<\/em>)<\/p>\n<p><!-- \/wp:paragraph --><\/p>\n<p><!-- wp:paragraph --><\/p>\n<p>\u25cf <strong>Fine Lavender AOP Haute Provence<\/strong> (<em>Lavandula angustifolia<\/em>)<\/p>\n<p><!-- \/wp:paragraph --><\/p>\n<p><!-- wp:paragraph --><\/p>\n<p>\u25cf <strong>Spike Lavender<\/strong> (<em>Lavandula latifolia<\/em>)<\/p>\n<p><!-- \/wp:paragraph --><\/p>\n<p><!-- wp:paragraph --><\/p>\n<p>\u25cf <strong>Lavandin<\/strong> : Grosso, Abrial, Super, Sumian (<em>Lavandula hybrida<\/em>)<\/p>\n<p><!-- \/wp:paragraph --><\/p>\n<p><!-- wp:paragraph --><\/p>\n<p>\u25cf <strong>Thyme<\/strong>: Linalool,Thuyanol, Thymol, Provence (<em>Thymus Vulgaris<\/em>)<\/p>\n<p><!-- \/wp:paragraph --><\/p>\n<p><!-- wp:paragraph --><\/p>\n<p>\u25cf <strong>Cade Juniper <\/strong>(<em>Juniperus oxycedrus<\/em>)<\/p>\n<p><!-- \/wp:paragraph --><\/p>\n<p><!-- wp:paragraph --><\/p>\n<p>\u25cf <strong>Cypress<\/strong> (<em>Cupressus sempervirens<\/em>)<\/p>\n<p><!-- \/wp:paragraph --><\/p>\n<p><!-- wp:paragraph --><\/p>\n<p>\u25cf <strong>Tarragon<\/strong> (<em>Artemisia dracunculus<\/em>)<\/p>\n<p><!-- \/wp:paragraph --><\/p>\n<p><!-- wp:paragraph --><\/p>\n<p>\u25cf <strong>Juniper<\/strong> (<em>Juniperus communis<\/em>)<\/p>\n<p><!-- \/wp:paragraph --><\/p>\n<p><!-- wp:paragraph --><\/p>\n<p>\u25cf <strong>Helichrysum<\/strong> (<em>Helichrysum italicum<\/em>)<\/p>\n<p><!-- \/wp:paragraph --><\/p>\n<p><!-- wp:paragraph --><\/p>\n<p>\u25cf <strong>Peppermint<\/strong> (<em>Mentha x piperita<\/em>)<\/p>\n<p><!-- \/wp:paragraph --><\/p>\n<p><!-- wp:paragraph --><\/p>\n<p>\u25cf <strong>Oregano<\/strong> (<em>Origanum vulgare<\/em>)<\/p>\n<p><!-- \/wp:paragraph --><\/p>\n<p><!-- wp:paragraph --><\/p>\n<p>\u25cf <strong>Rosemary<\/strong> (<em>Rosmarinus officinalis<\/em>)<\/p>\n<p><!-- \/wp:paragraph --><\/p>\n<p><!-- wp:paragraph --><\/p>\n<p>\u25cf <strong>Winter Savory<\/strong> (<em>Satureja montana<\/em>)<\/p>\n<p><!-- \/wp:paragraph --><\/p>\n<p><!-- wp:paragraph --><\/p>\n<p>\u25cf <strong>Officinalis Sage<\/strong> (<em>Salvia officinalis<\/em>)<\/p>\n<p><!-- \/wp:paragraph --><\/p>\n<p><!-- wp:paragraph --><\/p>\n<p>\u25cf <strong>Clary Sage<\/strong> (<em>Salvia sclarea<\/em>)<\/p>\n<p><!-- \/wp:paragraph --><\/p>\n<p><!-- wp:paragraph --><\/p>\n<p><em><u>OUR ESSENTIAL OILS FROM FRANCE. 100% PURE AND NATURAL ARE AVAILABLE FOR THE MOST, IN BOTH ORGANIC OR CONVENTIONAL.<\/u><\/em><\/p>\n<p>Chromatographic analyses are available as well as standard regulatory documents (SDS, IFRA, Allergen\u2026)<\/p>\n<p><!-- \/wp:paragraph --><\/p>\n<p><!-- wp:paragraph --><\/p>\n<p>\u25cf In order to ensure your supply, the production of those different plants can be contracted.<\/p>\n<p><!-- \/wp:paragraph --><\/p>\n<p><!-- wp:paragraph  --><\/p>\n<p class=\"has-text-align-center has-medium-font-size\">\ud83d\udca7 HYDROSOL \ud83d\udca7<\/p>\n<p><!-- \/wp:paragraph --><\/p>\n<p><!-- wp:paragraph --><\/p>\n<p>Floral Waters of Lavender, Lavandin, Thyme, Geranium, Peppermint, Verbena, Olive tree leaf, Calendula et Matricaria chamomilla are available on order before production. They can be filtered and preserved under organic Cosmos certification.<\/p>\n<p><!-- \/wp:paragraph --><\/p>\n<p><!-- wp:paragraph  --><\/p>\n<p class=\"has-text-align-center has-medium-font-size\">CO\u2082 EXTRACT<\/p>\n<p><!-- \/wp:paragraph --><\/p>\n<p><!-- wp:paragraph --><\/p>\n<p>Our range of CO\u2082 extracts in an assortment of several Proven\u00e7al flavours and exotic notes. We offer the extracts of Lavender, Thyme, Rosemary, Winter savory, geranium, peppermint, helichrysum and vanilla.<\/p>\n<p><!-- \/wp:paragraph --><\/p>\n<p><!-- wp:paragraph --><\/p>\n<p>THE ORGANIC CERTIFICATION IS INSURED BY ECOCERT FR-BIO-01<\/p>\n<p><!-- \/wp:paragraph --><\/p>\n<p><!-- wp:image  --><\/p>\n<figure class=\"wp-block-image size-large is-resized\"><img decoding=\"async\" src=\"https:\/\/tse2.mm.bing.net\/th?id=OIP.sFrdwR5KarWsYw0yZ23lVAHaDT&pid=Api\" alt=\"\" width=\"274\" height=\"122\"><\/figure>\n<\/div><div style=\"text-align:center;\"><a class=\"fusion-button button-flat button-xlarge button-default fusion-button-default button-1 fusion-button-default-span \" target=\"_blank\" rel=\"noopener noreferrer\" href=\"https:\/\/distillerie-bleu-provence.com\/wp-content\/uploads\/2024\/07\/Our-Product-List-2024.pdf\"><span class=\"fusion-button-text awb-button__text awb-button__text--default\">Download complete list<\/span><\/a><\/div><\/div><\/div><\/div><\/div><div class=\"fusion-fullwidth fullwidth-box fusion-builder-row-3 fusion-flex-container nonhundred-percent-fullwidth non-hundred-percent-height-scrolling\" style=\"--awb-border-radius-top-left:0px;--awb-border-radius-top-right:0px;--awb-border-radius-bottom-right:0px;--awb-border-radius-bottom-left:0px;--awb-padding-top:40px;--awb-flex-wrap:wrap;\" ><div class=\"fusion-builder-row fusion-row fusion-flex-align-items-center fusion-flex-content-wrap\" style=\"max-width:1248px;margin-left: calc(-4% \/ 2 );margin-right: calc(-4% \/ 2 );\"><div class=\"fusion-layout-column fusion_builder_column fusion-builder-column-4 fusion_builder_column_1_2 1_2 fusion-flex-column fusion-flex-align-self-center fusion-animated\" style=\"--awb-bg-size:cover;--awb-width-large:50%;--awb-margin-top-large:0px;--awb-spacing-right-large:3.84%;--awb-margin-bottom-large:20px;--awb-spacing-left-large:3.84%;--awb-width-medium:50%;--awb-order-medium:0;--awb-spacing-right-medium:3.84%;--awb-spacing-left-medium:3.84%;--awb-width-small:100%;--awb-order-small:0;--awb-spacing-right-small:1.92%;--awb-spacing-left-small:1.92%;\" data-animationType=\"fadeInLeft\" data-animationDuration=\"1.0\" data-animationOffset=\"top-into-view\"><div class=\"fusion-column-wrapper fusion-column-has-shadow fusion-flex-justify-content-center fusion-content-layout-column\"><div class=\"fusion-image-element \" style=\"text-align:center;--awb-caption-title-font-family:var(--h2_typography-font-family);--awb-caption-title-font-weight:var(--h2_typography-font-weight);--awb-caption-title-font-style:var(--h2_typography-font-style);--awb-caption-title-size:var(--h2_typography-font-size);--awb-caption-title-transform:var(--h2_typography-text-transform);--awb-caption-title-line-height:var(--h2_typography-line-height);--awb-caption-title-letter-spacing:var(--h2_typography-letter-spacing);\"><span class=\" fusion-imageframe imageframe-none imageframe-1 hover-type-none\"><img decoding=\"async\" width=\"768\" height=\"1024\" title=\"Espieur\" src=\"https:\/\/distillerie-bleu-provence.com\/wp-content\/uploads\/2022\/07\/Espieur-768x1024.jpg\" alt class=\"img-responsive wp-image-13224\" srcset=\"https:\/\/distillerie-bleu-provence.com\/wp-content\/uploads\/2022\/07\/Espieur-200x267.jpg 200w, https:\/\/distillerie-bleu-provence.com\/wp-content\/uploads\/2022\/07\/Espieur-400x533.jpg 400w, https:\/\/distillerie-bleu-provence.com\/wp-content\/uploads\/2022\/07\/Espieur-600x800.jpg 600w, https:\/\/distillerie-bleu-provence.com\/wp-content\/uploads\/2022\/07\/Espieur-800x1067.jpg 800w, https:\/\/distillerie-bleu-provence.com\/wp-content\/uploads\/2022\/07\/Espieur.jpg 900w\" sizes=\"(max-width: 640px) 100vw, 600px\" \/><\/span><\/div><\/div><\/div><div class=\"fusion-layout-column fusion_builder_column fusion-builder-column-5 fusion_builder_column_1_2 1_2 fusion-flex-column fusion-animated\" style=\"--awb-bg-size:cover;--awb-width-large:50%;--awb-margin-top-large:0px;--awb-spacing-right-large:3.84%;--awb-margin-bottom-large:20px;--awb-spacing-left-large:3.84%;--awb-width-medium:50%;--awb-order-medium:0;--awb-spacing-right-medium:3.84%;--awb-spacing-left-medium:3.84%;--awb-width-small:100%;--awb-order-small:0;--awb-spacing-right-small:1.92%;--awb-spacing-left-small:1.92%;\" data-animationType=\"fadeInRight\" data-animationDuration=\"1.0\" data-animationOffset=\"top-into-view\"><div class=\"fusion-column-wrapper fusion-column-has-shadow fusion-flex-justify-content-flex-start fusion-content-layout-column\"><div class=\"fusion-text fusion-text-3\" style=\"--awb-content-alignment:left;--awb-font-size:20px;\"><p style=\"font-size: 27px;\" data-fusion-font=\"true\"><b>Fair Trade<\/b><\/p>\n<p>The fair remuneration of the producers is one of the main concerns of a sustainable agriculture. That is why we chose to follow a step towards a fair-trade certification with the producers that supply the plants that we are distilling. We chose the label Fair for Life (by Ecocert) that certify the company itself and the relationship with the suppliers, called \u201cfair partner\u201d.<\/p>\n<p>\u00a0<\/p>\n<p>\u00a0<\/p>\n<p>\u00a0<\/p>\n<p>\u00a0<\/p>\n<p>Relationships based on a fixed minimum price, multi-year contract (with a minimum duration of 3 years) and a creation of development fund directly profiting the producers. Audit set in May or June before the new production starts. We will let you know !<\/p>\n<\/div><\/div><\/div><\/div><\/div><div class=\"fusion-fullwidth fullwidth-box fusion-builder-row-4 fusion-flex-container nonhundred-percent-fullwidth non-hundred-percent-height-scrolling\" style=\"--awb-border-radius-top-left:0px;--awb-border-radius-top-right:0px;--awb-border-radius-bottom-right:0px;--awb-border-radius-bottom-left:0px;--awb-margin-top:100px;--awb-margin-bottom:80px;--awb-flex-wrap:wrap;\" ><div class=\"fusion-builder-row fusion-row fusion-flex-align-items-stretch fusion-flex-justify-content-center fusion-flex-content-wrap\" style=\"max-width:1248px;margin-left: calc(-4% \/ 2 );margin-right: calc(-4% \/ 2 );\"><div class=\"fusion-layout-column fusion_builder_column fusion-builder-column-6 fusion_builder_column_1_1 1_1 fusion-flex-column\" style=\"--awb-bg-size:cover;--awb-width-large:100%;--awb-margin-top-large:0px;--awb-spacing-right-large:1.92%;--awb-margin-bottom-large:50px;--awb-spacing-left-large:1.92%;--awb-width-medium:100%;--awb-order-medium:0;--awb-spacing-right-medium:1.92%;--awb-spacing-left-medium:1.92%;--awb-width-small:100%;--awb-order-small:0;--awb-spacing-right-small:1.92%;--awb-spacing-left-small:1.92%;\"><div class=\"fusion-column-wrapper fusion-column-has-shadow fusion-flex-justify-content-flex-start fusion-content-layout-column\"><div class=\"fusion-title title fusion-title-4 fusion-sep-none fusion-title-center fusion-title-text fusion-title-size-two\" style=\"--awb-text-color:#44328a;--awb-margin-top-small:10px;--awb-margin-right-small:0px;--awb-margin-bottom-small:10px;--awb-margin-left-small:0px;--awb-font-size:30px;\"><h2 class=\"fusion-title-heading title-heading-center\" style=\"margin:0;font-size:1em;\"><strong>If you require any further information, feel free to contact us.<\/strong><\/h2><\/div><div class=\"fusion-image-element \" style=\"text-align:center;--awb-caption-title-font-family:var(--h2_typography-font-family);--awb-caption-title-font-weight:var(--h2_typography-font-weight);--awb-caption-title-font-style:var(--h2_typography-font-style);--awb-caption-title-size:var(--h2_typography-font-size);--awb-caption-title-transform:var(--h2_typography-text-transform);--awb-caption-title-line-height:var(--h2_typography-line-height);--awb-caption-title-letter-spacing:var(--h2_typography-letter-spacing);\"><span class=\" fusion-imageframe imageframe-none imageframe-2 hover-type-none\"><img decoding=\"async\" width=\"1600\" height=\"1200\" alt=\"Organigramme\" title=\"Organigramme\" src=\"https:\/\/distillerie-bleu-provence.com\/wp-content\/uploads\/2022\/07\/Organigramme.jpg\" class=\"img-responsive wp-image-13226\" srcset=\"https:\/\/distillerie-bleu-provence.com\/wp-content\/uploads\/2022\/07\/Organigramme-200x150.jpg 200w, https:\/\/distillerie-bleu-provence.com\/wp-content\/uploads\/2022\/07\/Organigramme-400x300.jpg 400w, https:\/\/distillerie-bleu-provence.com\/wp-content\/uploads\/2022\/07\/Organigramme-600x450.jpg 600w, https:\/\/distillerie-bleu-provence.com\/wp-content\/uploads\/2022\/07\/Organigramme-800x600.jpg 800w, https:\/\/distillerie-bleu-provence.com\/wp-content\/uploads\/2022\/07\/Organigramme-1200x900.jpg 1200w, https:\/\/distillerie-bleu-provence.com\/wp-content\/uploads\/2022\/07\/Organigramme.jpg 1600w\" sizes=\"(max-width: 640px) 100vw, 1200px\" \/><\/span><\/div><\/div><\/div><\/div><\/div><\/p>\n\n\n\n","protected":false},"excerpt":{"rendered":"","protected":false},"author":6593,"featured_media":0,"parent":0,"menu_order":0,"comment_status":"closed","ping_status":"closed","template":"100-width.php","meta":{"_acf_changed":false,"footnotes":""},"class_list":["post-13222","page","type-page","status-publish","hentry"],"acf":[],"yoast_head":"<!-- This site is optimized with the Yoast SEO plugin v27.2 - https:\/\/yoast.com\/product\/yoast-seo-wordpress\/ -->\n<title>Professionnal acces - Distillerie Bleu Provence<\/title>\n<meta name=\"description\" content=\"La Distillerie Bleu Provence vous propose de d\u00e9couvrir le secret de ces plantes ancestrales, les \u00e9tapes de distillation ainsi que les huiles essentielles, source de bien-\u00eatre.\" \/>\n<meta name=\"robots\" content=\"index, follow, max-snippet:-1, max-image-preview:large, max-video-preview:-1\" \/>\n<link rel=\"canonical\" href=\"https:\/\/distillerie-bleu-provence.com\/en\/professionnal-acces\/\" \/>\n<meta property=\"og:locale\" content=\"en_US\" \/>\n<meta property=\"og:type\" content=\"article\" \/>\n<meta property=\"og:title\" content=\"Professionnal acces - Distillerie Bleu Provence\" \/>\n<meta property=\"og:description\" content=\"La Distillerie Bleu Provence vous propose de d\u00e9couvrir le secret de ces plantes ancestrales, les \u00e9tapes de distillation ainsi que les huiles essentielles, source de bien-\u00eatre.\" \/>\n<meta property=\"og:url\" content=\"https:\/\/distillerie-bleu-provence.com\/en\/professionnal-acces\/\" \/>\n<meta property=\"og:site_name\" content=\"Distillerie Bleu Provence\" \/>\n<meta property=\"article:modified_time\" content=\"2024-07-22T16:17:31+00:00\" \/>\n<meta property=\"og:image\" content=\"https:\/\/tse2.mm.bing.net\/th?id=OIP.sFrdwR5KarWsYw0yZ23lVAHaDT&amp;pid=Api\" \/>\n<meta name=\"twitter:card\" content=\"summary_large_image\" \/>\n<meta name=\"twitter:label1\" content=\"Est. reading time\" \/>\n\t<meta name=\"twitter:data1\" content=\"3 minutes\" \/>\n<!-- \/ Yoast SEO plugin. -->","yoast_head_json":{"title":"Professionnal acces - Distillerie Bleu Provence","description":"La Distillerie Bleu Provence vous propose de d\u00e9couvrir le secret de ces plantes ancestrales, les \u00e9tapes de distillation ainsi que les huiles essentielles, source de bien-\u00eatre.","robots":{"index":"index","follow":"follow","max-snippet":"max-snippet:-1","max-image-preview":"max-image-preview:large","max-video-preview":"max-video-preview:-1"},"canonical":"https:\/\/distillerie-bleu-provence.com\/en\/professionnal-acces\/","og_locale":"en_US","og_type":"article","og_title":"Professionnal acces - Distillerie Bleu Provence","og_description":"La Distillerie Bleu Provence vous propose de d\u00e9couvrir le secret de ces plantes ancestrales, les \u00e9tapes de distillation ainsi que les huiles essentielles, source de bien-\u00eatre.","og_url":"https:\/\/distillerie-bleu-provence.com\/en\/professionnal-acces\/","og_site_name":"Distillerie Bleu Provence","article_modified_time":"2024-07-22T16:17:31+00:00","og_image":[{"url":"https:\/\/tse2.mm.bing.net\/th?id=OIP.sFrdwR5KarWsYw0yZ23lVAHaDT&amp;pid=Api","type":"","width":"","height":""}],"twitter_card":"summary_large_image","twitter_misc":{"Est. reading time":"3 minutes"},"schema":{"@context":"https:\/\/schema.org","@graph":[{"@type":"WebPage","@id":"https:\/\/distillerie-bleu-provence.com\/en\/professionnal-acces\/","url":"https:\/\/distillerie-bleu-provence.com\/en\/professionnal-acces\/","name":"Professionnal acces - Distillerie Bleu Provence","isPartOf":{"@id":"https:\/\/distillerie-bleu-provence.com\/en\/#website"},"primaryImageOfPage":{"@id":"https:\/\/distillerie-bleu-provence.com\/en\/professionnal-acces\/#primaryimage"},"image":{"@id":"https:\/\/distillerie-bleu-provence.com\/en\/professionnal-acces\/#primaryimage"},"thumbnailUrl":"https:\/\/tse2.mm.bing.net\/th?id=OIP.sFrdwR5KarWsYw0yZ23lVAHaDT&amp;pid=Api","datePublished":"2022-07-22T15:09:50+00:00","dateModified":"2024-07-22T16:17:31+00:00","description":"La Distillerie Bleu Provence vous propose de d\u00e9couvrir le secret de ces plantes ancestrales, les \u00e9tapes de distillation ainsi que les huiles essentielles, source de bien-\u00eatre.","breadcrumb":{"@id":"https:\/\/distillerie-bleu-provence.com\/en\/professionnal-acces\/#breadcrumb"},"inLanguage":"en-US","potentialAction":[{"@type":"ReadAction","target":["https:\/\/distillerie-bleu-provence.com\/en\/professionnal-acces\/"]}]},{"@type":"ImageObject","inLanguage":"en-US","@id":"https:\/\/distillerie-bleu-provence.com\/en\/professionnal-acces\/#primaryimage","url":"https:\/\/tse2.mm.bing.net\/th?id=OIP.sFrdwR5KarWsYw0yZ23lVAHaDT&amp;pid=Api","contentUrl":"https:\/\/tse2.mm.bing.net\/th?id=OIP.sFrdwR5KarWsYw0yZ23lVAHaDT&amp;pid=Api"},{"@type":"BreadcrumbList","@id":"https:\/\/distillerie-bleu-provence.com\/en\/professionnal-acces\/#breadcrumb","itemListElement":[{"@type":"ListItem","position":1,"name":"Accueil","item":"https:\/\/distillerie-bleu-provence.com\/en\/"},{"@type":"ListItem","position":2,"name":"Professionnal acces"}]},{"@type":"WebSite","@id":"https:\/\/distillerie-bleu-provence.com\/en\/#website","url":"https:\/\/distillerie-bleu-provence.com\/en\/","name":"Distillerie Bleu Provence","description":"Vente en ligne d&#039;huiles essentielles bio","potentialAction":[{"@type":"SearchAction","target":{"@type":"EntryPoint","urlTemplate":"https:\/\/distillerie-bleu-provence.com\/en\/?s={search_term_string}"},"query-input":{"@type":"PropertyValueSpecification","valueRequired":true,"valueName":"search_term_string"}}],"inLanguage":"en-US"}]}},"_links":{"self":[{"href":"https:\/\/distillerie-bleu-provence.com\/en\/wp-json\/wp\/v2\/pages\/13222","targetHints":{"allow":["GET"]}}],"collection":[{"href":"https:\/\/distillerie-bleu-provence.com\/en\/wp-json\/wp\/v2\/pages"}],"about":[{"href":"https:\/\/distillerie-bleu-provence.com\/en\/wp-json\/wp\/v2\/types\/page"}],"author":[{"embeddable":true,"href":"https:\/\/distillerie-bleu-provence.com\/en\/wp-json\/wp\/v2\/users\/6593"}],"replies":[{"embeddable":true,"href":"https:\/\/distillerie-bleu-provence.com\/en\/wp-json\/wp\/v2\/comments?post=13222"}],"version-history":[{"count":1,"href":"https:\/\/distillerie-bleu-provence.com\/en\/wp-json\/wp\/v2\/pages\/13222\/revisions"}],"predecessor-version":[{"id":17850,"href":"https:\/\/distillerie-bleu-provence.com\/en\/wp-json\/wp\/v2\/pages\/13222\/revisions\/17850"}],"wp:attachment":[{"href":"https:\/\/distillerie-bleu-provence.com\/en\/wp-json\/wp\/v2\/media?parent=13222"}],"curies":[{"name":"wp","href":"https:\/\/api.w.org\/{rel}","templated":true}]}}